{"id":9,"date":"2017-12-28T14:09:28","date_gmt":"2017-12-28T14:09:28","guid":{"rendered":"http:\/\/musikverein-albtal.de\/?page_id=9"},"modified":"2021-12-07T17:48:19","modified_gmt":"2021-12-07T17:48:19","slug":"konzerte","status":"publish","type":"page","link":"https:\/\/musikverein-albtal.de\/?page_id=9","title":{"rendered":"Konzerte &#038; Musik"},"content":{"rendered":"<h3><em>&#8222;Die Musik ist die Sprache der Leidenschaft&#8220;<\/em> Richard Wagner<\/h3>\n<p>Unsere Musikrichtung ist die <strong>Blasmusik<\/strong> im Mittelstufenniveau. Wir spielen eine weites Spektrum von traditioneller Literatur wie Polka und M\u00e4rsche \u00fcber konzertanter Blasmusik bis zu modernen Arragements.<\/p>\n<p>In den letzten Jahren haben wir unser musikalischen Horizonte stetig erweitert. Dies kann man am deutlichsten an den Weihnachtskonzert-Programmen erkennen. Der Musikverein tritt j\u00e4hrlich bei circa 20 bis 30 Veranstaltungen auf. Wir spielen bei Kurzkonzerten, Veranstaltungen befreundeter Vereine und selbstverst\u00e4ndlich auch bei eigenen Veranstaltungen.<\/p>\n<p>Wenn Sie uns einmal Live erleben m\u00f6chten besuchen Sie uns doch an einem unserer vielen Konzerte. Einen besonderen Stellenwert hat unser j\u00e4hrliches Weihnachtskonzert, es findet an einem Advents-Samstag statt. Hier pr\u00e4sentieren wir ein anspruchsvolles und musikalisch abwechslungsreiches Programm, das den H\u00f6hepunkt im Vereinsjahr darstellt. Ein Besuch lohnt sich!<\/p>\n<p>Ein weiterer H\u00f6hepunkt ist das Osterkonzert, wir veranstalten es f\u00fcr die Passivmitglieder des Vereins. Am Ostersonntag versprechen wir Ihnen einen gem\u00fctlichen Nachmittag mit konzertanter und sch\u00f6ner volkst\u00fcmlicher Blasmusik.<\/p>\n","protected":false},"excerpt":{"rendered":"<p>&#8222;Die Musik ist die Sprache der Leidenschaft&#8220; Richard Wagner Unsere Musikrichtung ist die Blasmusik im Mittelstufenniveau. Wir spielen eine weites Spektrum von traditioneller Literatur wie Polka und M\u00e4rsche \u00fcber konzertanter &hellip; <\/p>\n<p class=\"link-more\"><a href=\"https:\/\/musikverein-albtal.de\/?page_id=9\" class=\"more-link\"><span class=\"screen-reader-text\">\u201eKonzerte &#038; Musik\u201c<\/span> weiterlesen<\/a><\/p>\n","protected":false},"author":1,"featured_media":0,"parent":0,"menu_order":0,"comment_status":"closed","ping_status":"closed","template":"","meta":{"jetpack_post_was_ever_published":false,"footnotes":""},"class_list":["post-9","page","type-page","status-publish","hentry"],"jetpack_sharing_enabled":true,"jetpack_shortlink":"https:\/\/wp.me\/P9CsQs-9","jetpack_likes_enabled":true,"jetpack-related-posts":[],"_links":{"self":[{"href":"https:\/\/musikverein-albtal.de\/index.php?rest_route=\/wp\/v2\/pages\/9","targetHints":{"allow":["GET"]}}],"collection":[{"href":"https:\/\/musikverein-albtal.de\/index.php?rest_route=\/wp\/v2\/pages"}],"about":[{"href":"https:\/\/musikverein-albtal.de\/index.php?rest_route=\/wp\/v2\/types\/page"}],"author":[{"embeddable":true,"href":"https:\/\/musikverein-albtal.de\/index.php?rest_route=\/wp\/v2\/users\/1"}],"replies":[{"embeddable":true,"href":"https:\/\/musikverein-albtal.de\/index.php?rest_route=%2Fwp%2Fv2%2Fcomments&post=9"}],"version-history":[{"count":4,"href":"https:\/\/musikverein-albtal.de\/index.php?rest_route=\/wp\/v2\/pages\/9\/revisions"}],"predecessor-version":[{"id":443,"href":"https:\/\/musikverein-albtal.de\/index.php?rest_route=\/wp\/v2\/pages\/9\/revisions\/443"}],"wp:attachment":[{"href":"https:\/\/musikverein-albtal.de\/index.php?rest_route=%2Fwp%2Fv2%2Fmedia&parent=9"}],"curies":[{"name":"wp","href":"https:\/\/api.w.org\/{rel}","templated":true}]}}