{"id":35,"date":"2017-12-28T14:41:56","date_gmt":"2017-12-28T14:41:56","guid":{"rendered":"http:\/\/musikverein-albtal.de\/?page_id=35"},"modified":"2021-12-07T17:45:12","modified_gmt":"2021-12-07T17:45:12","slug":"probelokal","status":"publish","type":"page","link":"https:\/\/musikverein-albtal.de\/?page_id=35","title":{"rendered":"Probelokal"},"content":{"rendered":"<p>Unsere Proben finden regelm\u00e4ssig am <strong>Mittwoch <\/strong>um <strong>20:00 Uhr<\/strong><br \/>im <strong>Dorfgemeischaftshaus in St. Blasien &#8211; Immeneich<\/strong> statt.<\/p>\n<p class=\"caption\">Und so erreichen Sie uns am besten:<br \/>Von <strong>St. Blasien her kommend<\/strong> biegen Sie am Kreisverkehr Richtung: Albbruck &#8211; Albtal ab. Danach fahren Sie ca. 8 km weiter bis nach Immeneich. In Immeneich biegen Sie am Gasthaus Adler rechts ab und sind nach ca. 100 m am Dorfgemeinschaftshaus.<\/p>\n<p class=\"caption\">Von <strong> Waldhut (B500) her kommend<\/strong> verlassen Sie bei Brunnadern die B500. Fahren Sie die Ausfahrt gerade aus bis Sie nur noch links oder rechts abbiegen k\u00f6nnen. Biegen Sie hier rechts ab und fahren diese Stra\u00dfe bis weiter bis Sie nach Remetschwiel kommen. Fahren Sie diese Stra\u00dfe weiter bis Sie durch den Ort durch sind und biegen dann die erste links ab. Sie fahren nun eine steile Stra\u00dfe nach unten. Wenn Sie im Tal angekommen sind, biegen Sie dann scharf rechts ab und fahren bis nach Immeneich, am Gasthaus Adler biegen sie nun links ab.<\/p>\n<p><a href=\"https:\/\/www.google.de\/maps\/dir\/\/47.6959,8.12327\/@47.6959,8.12327,700m\/data=!3m1!1e3!4m4!4m3!1m0!1m1!4e1?hl=de\"><img data-recalc-dims=\"1\" loading=\"lazy\" decoding=\"async\" data-attachment-id=\"438\" data-permalink=\"https:\/\/musikverein-albtal.de\/?attachment_id=438\" data-orig-file=\"https:\/\/i0.wp.com\/musikverein-albtal.de\/wp-content\/uploads\/2021\/12\/Probelokal.png?fit=639%2C658&amp;ssl=1\" data-orig-size=\"639,658\" data-comments-opened=\"1\" data-image-meta=\"{&quot;aperture&quot;:&quot;0&quot;,&quot;credit&quot;:&quot;&quot;,&quot;camera&quot;:&quot;&quot;,&quot;caption&quot;:&quot;&quot;,&quot;created_timestamp&quot;:&quot;0&quot;,&quot;copyright&quot;:&quot;&quot;,&quot;focal_length&quot;:&quot;0&quot;,&quot;iso&quot;:&quot;0&quot;,&quot;shutter_speed&quot;:&quot;0&quot;,&quot;title&quot;:&quot;&quot;,&quot;orientation&quot;:&quot;0&quot;}\" data-image-title=\"Probelokal\" data-image-description=\"\" data-image-caption=\"\" data-large-file=\"https:\/\/i0.wp.com\/musikverein-albtal.de\/wp-content\/uploads\/2021\/12\/Probelokal.png?fit=525%2C541&amp;ssl=1\" class=\"alignnone  wp-image-438\" src=\"https:\/\/i0.wp.com\/musikverein-albtal.de\/wp-content\/uploads\/2021\/12\/Probelokal.png?resize=496%2C511\" alt=\"\" width=\"496\" height=\"511\" srcset=\"https:\/\/i0.wp.com\/musikverein-albtal.de\/wp-content\/uploads\/2021\/12\/Probelokal.png?resize=291%2C300&amp;ssl=1 291w, https:\/\/i0.wp.com\/musikverein-albtal.de\/wp-content\/uploads\/2021\/12\/Probelokal.png?w=639&amp;ssl=1 639w\" sizes=\"auto, (max-width: 496px) 100vw, 496px\" \/><\/a><\/p>\n<p><a href=\"https:\/\/www.google.de\/maps\/dir\/\/47.6959,8.12327\/@47.6959,8.12327,700m\/data=!3m1!1e3!4m4!4m3!1m0!1m1!4e1?hl=de\">Den Weg zu uns \u00dcber Google-Maps finden Sie auch hier!<\/a><\/p>\n<p>\u00a0<\/p>\n\n\n<p><\/p>\n","protected":false},"excerpt":{"rendered":"<p>Unsere Proben finden regelm\u00e4ssig am Mittwoch um 20:00 Uhrim Dorfgemeischaftshaus in St. Blasien &#8211; Immeneich statt. Und so erreichen Sie uns am besten:Von St. Blasien her kommend biegen Sie am &hellip; <\/p>\n<p class=\"link-more\"><a href=\"https:\/\/musikverein-albtal.de\/?page_id=35\" class=\"more-link\"><span class=\"screen-reader-text\">\u201eProbelokal\u201c<\/span> weiterlesen<\/a><\/p>\n","protected":false},"author":1,"featured_media":0,"parent":2,"menu_order":3,"comment_status":"closed","ping_status":"closed","template":"","meta":{"jetpack_post_was_ever_published":false,"footnotes":""},"class_list":["post-35","page","type-page","status-publish","hentry"],"jetpack_sharing_enabled":true,"jetpack_shortlink":"https:\/\/wp.me\/P9CsQs-z","jetpack_likes_enabled":true,"jetpack-related-posts":[],"_links":{"self":[{"href":"https:\/\/musikverein-albtal.de\/index.php?rest_route=\/wp\/v2\/pages\/35","targetHints":{"allow":["GET"]}}],"collection":[{"href":"https:\/\/musikverein-albtal.de\/index.php?rest_route=\/wp\/v2\/pages"}],"about":[{"href":"https:\/\/musikverein-albtal.de\/index.php?rest_route=\/wp\/v2\/types\/page"}],"author":[{"embeddable":true,"href":"https:\/\/musikverein-albtal.de\/index.php?rest_route=\/wp\/v2\/users\/1"}],"replies":[{"embeddable":true,"href":"https:\/\/musikverein-albtal.de\/index.php?rest_route=%2Fwp%2Fv2%2Fcomments&post=35"}],"version-history":[{"count":4,"href":"https:\/\/musikverein-albtal.de\/index.php?rest_route=\/wp\/v2\/pages\/35\/revisions"}],"predecessor-version":[{"id":440,"href":"https:\/\/musikverein-albtal.de\/index.php?rest_route=\/wp\/v2\/pages\/35\/revisions\/440"}],"up":[{"embeddable":true,"href":"https:\/\/musikverein-albtal.de\/index.php?rest_route=\/wp\/v2\/pages\/2"}],"wp:attachment":[{"href":"https:\/\/musikverein-albtal.de\/index.php?rest_route=%2Fwp%2Fv2%2Fmedia&parent=35"}],"curies":[{"name":"wp","href":"https:\/\/api.w.org\/{rel}","templated":true}]}}