{"id":2,"date":"2016-05-10T03:48:21","date_gmt":"2016-05-10T03:48:21","guid":{"rendered":"http:\/\/musikverein-albtal.de\/?page_id=2"},"modified":"2026-02-23T15:06:32","modified_gmt":"2026-02-23T15:06:32","slug":"sample-page","status":"publish","type":"page","link":"https:\/\/musikverein-albtal.de\/?page_id=2","title":{"rendered":"Verein"},"content":{"rendered":"<p>Der Musikverein Albtal e.V. ist eine Gruppe von ca. 30 Musikerinnen und Musikern die Spa\u00df an der traditioneller und moderner Blasmusik und Geselligkeit haben.<\/p>\n<p>Der Verein kann auf eine lange Geschichte zur\u00fcckblicken und trotzdem sind wir immer jung geblieben. Sie k\u00f6nnen hier auf unseren Webseite viele Informationen \u00fcber das Vereinsleben sowie \u00fcber unsere kleineren und gr\u00f6sseren Veranstaltungen erfahren. Wir nehmen Sie auch gerne in unseren Reihen auf wenn Sie bereits ein Blasinstrument beherrschen oder eines erlernen m\u00f6chten.<\/p>\n","protected":false},"excerpt":{"rendered":"<p>Der Musikverein Albtal e.V. ist eine Gruppe von ca. 30 Musikerinnen und Musikern die Spa\u00df an der traditioneller und moderner Blasmusik und Geselligkeit haben. Der Verein kann auf eine lange &hellip; <\/p>\n<p class=\"link-more\"><a href=\"https:\/\/musikverein-albtal.de\/?page_id=2\" class=\"more-link\"><span class=\"screen-reader-text\">\u201eVerein\u201c<\/span> weiterlesen<\/a><\/p>\n","protected":false},"author":1,"featured_media":0,"parent":0,"menu_order":0,"comment_status":"closed","ping_status":"open","template":"","meta":{"jetpack_post_was_ever_published":false,"footnotes":""},"class_list":["post-2","page","type-page","status-publish","hentry"],"jetpack_sharing_enabled":true,"jetpack_shortlink":"https:\/\/wp.me\/P9CsQs-2","jetpack_likes_enabled":true,"jetpack-related-posts":[],"_links":{"self":[{"href":"https:\/\/musikverein-albtal.de\/index.php?rest_route=\/wp\/v2\/pages\/2","targetHints":{"allow":["GET"]}}],"collection":[{"href":"https:\/\/musikverein-albtal.de\/index.php?rest_route=\/wp\/v2\/pages"}],"about":[{"href":"https:\/\/musikverein-albtal.de\/index.php?rest_route=\/wp\/v2\/types\/page"}],"author":[{"embeddable":true,"href":"https:\/\/musikverein-albtal.de\/index.php?rest_route=\/wp\/v2\/users\/1"}],"replies":[{"embeddable":true,"href":"https:\/\/musikverein-albtal.de\/index.php?rest_route=%2Fwp%2Fv2%2Fcomments&post=2"}],"version-history":[{"count":3,"href":"https:\/\/musikverein-albtal.de\/index.php?rest_route=\/wp\/v2\/pages\/2\/revisions"}],"predecessor-version":[{"id":618,"href":"https:\/\/musikverein-albtal.de\/index.php?rest_route=\/wp\/v2\/pages\/2\/revisions\/618"}],"wp:attachment":[{"href":"https:\/\/musikverein-albtal.de\/index.php?rest_route=%2Fwp%2Fv2%2Fmedia&parent=2"}],"curies":[{"name":"wp","href":"https:\/\/api.w.org\/{rel}","templated":true}]}}