{"id":11,"date":"2017-12-28T14:09:45","date_gmt":"2017-12-28T14:09:45","guid":{"rendered":"http:\/\/musikverein-albtal.de\/?page_id=11"},"modified":"2017-12-28T14:21:35","modified_gmt":"2017-12-28T14:21:35","slug":"impressum","status":"publish","type":"page","link":"https:\/\/musikverein-albtal.de\/?page_id=11","title":{"rendered":"Impressum"},"content":{"rendered":"<p><strong>Betreiber:<\/strong><br \/>\nMusikverein Albtal e.V.<br \/>\nMartin Kaiser, Schlageten 23, 79837 St. Blasien<br \/>\nwebmaster@musikverein-albtal.de<\/p>\n<p><strong>Copyright:<\/strong><br \/>\nAlle Inhalte auf diesen Seiten sind, falls nicht anders vermerkt, geistiges Eigentum des Musikvereins Albtals e.V. Ver\u00f6ffentlichungen in anderen Internet-Pr\u00e4senzen, auch auszugsweise, nur mit ausdr\u00fccklicher Genehmigung durch den Musikverein Albtal e.V.<\/p>\n<p><strong>Haftungsausschluss:<\/strong><br \/>\nMit Urteil vom 12. Mai 1998 hat das Landgericht Hamburg entschieden, dass Betreiber von Websites durch Einbindung von Links f\u00fcr die Inhalte der gelinkten Seiten unter Umst\u00e4nden mit verantwortlich sind. Dies kann &#8211; so das LG &#8211; ausschliesslich durch die ausdr\u00fccklich Distanzierung von diesen Inhalten verhindert werden. F\u00fcr s\u00e4mtliche auf der Musikverein Albtal e.V. Website enthaltenen Links gilt daher: Wir erkl\u00e4ren hiermit ausdr\u00fccklich, dass zum Zeitpunkt der Linksetzung keine illegalen Inhalte auf den zu verlinkenden Seiten erkennbar waren. Auf die Gestaltung und die Inhalte der gelinkten Seiten haben wir keinerlei Einfluss. Aus diesem Grunde distanzieren wir uns hiermit nachdr\u00fccklich von allen Inhalten s\u00e4mtlicher gelinkten Seiten auf dieser Website und machen uns ihre Inhalte nicht zu Eigen. Diese Erkl\u00e4rung gilt f\u00fcr alle auf dieser Website eingebundenen Links und f\u00fcr alle Inhalte der Seiten, zu denen die bei uns angezeigten Banner f\u00fchren.<\/p>\n","protected":false},"excerpt":{"rendered":"<p>Betreiber: Musikverein Albtal e.V. Martin Kaiser, Schlageten 23, 79837 St. Blasien webmaster@musikverein-albtal.de Copyright: Alle Inhalte auf diesen Seiten sind, falls nicht anders vermerkt, geistiges Eigentum des Musikvereins Albtals e.V. Ver\u00f6ffentlichungen &hellip; <\/p>\n<p class=\"link-more\"><a href=\"https:\/\/musikverein-albtal.de\/?page_id=11\" class=\"more-link\"><span class=\"screen-reader-text\">\u201eImpressum\u201c<\/span> weiterlesen<\/a><\/p>\n","protected":false},"author":1,"featured_media":0,"parent":0,"menu_order":0,"comment_status":"closed","ping_status":"closed","template":"","meta":{"jetpack_post_was_ever_published":false,"footnotes":""},"class_list":["post-11","page","type-page","status-publish","hentry"],"jetpack_sharing_enabled":true,"jetpack_shortlink":"https:\/\/wp.me\/P9CsQs-b","jetpack_likes_enabled":true,"jetpack-related-posts":[],"_links":{"self":[{"href":"https:\/\/musikverein-albtal.de\/index.php?rest_route=\/wp\/v2\/pages\/11","targetHints":{"allow":["GET"]}}],"collection":[{"href":"https:\/\/musikverein-albtal.de\/index.php?rest_route=\/wp\/v2\/pages"}],"about":[{"href":"https:\/\/musikverein-albtal.de\/index.php?rest_route=\/wp\/v2\/types\/page"}],"author":[{"embeddable":true,"href":"https:\/\/musikverein-albtal.de\/index.php?rest_route=\/wp\/v2\/users\/1"}],"replies":[{"embeddable":true,"href":"https:\/\/musikverein-albtal.de\/index.php?rest_route=%2Fwp%2Fv2%2Fcomments&post=11"}],"version-history":[{"count":2,"href":"https:\/\/musikverein-albtal.de\/index.php?rest_route=\/wp\/v2\/pages\/11\/revisions"}],"predecessor-version":[{"id":25,"href":"https:\/\/musikverein-albtal.de\/index.php?rest_route=\/wp\/v2\/pages\/11\/revisions\/25"}],"wp:attachment":[{"href":"https:\/\/musikverein-albtal.de\/index.php?rest_route=%2Fwp%2Fv2%2Fmedia&parent=11"}],"curies":[{"name":"wp","href":"https:\/\/api.w.org\/{rel}","templated":true}]}}